{"id":104,"date":"2022-06-13T19:11:18","date_gmt":"2022-06-13T17:11:18","guid":{"rendered":"http:\/\/www.tropdeoliennes.org\/?page_id=104"},"modified":"2025-08-23T17:47:40","modified_gmt":"2025-08-23T15:47:40","slug":"longecourt","status":"publish","type":"page","link":"http:\/\/www.tropdeoliennes.org\/?page_id=104","title":{"rendered":"Longecourt"},"content":{"rendered":"\n<p><strong>Actualit\u00e9 avril 2025<\/strong> : Arr\u00eat\u00e9 de rejet du projet \u00ab\u00a0en l&rsquo;\u00e9tat\u00a0\u00bb. Demande d&rsquo;\u00e9tude hydrologique sous 18 mois, pour ce projet situ\u00e9 int\u00e9gralement en zone humide  <\/p>\n\n\n\n<h2 class=\"wp-block-heading\">LE PROJET DES CHAUMES (St\u00e9 PE de LONGECOURT)<\/h2>\n\n\n\n<figure class=\"wp-block-image size-large is-resized\"><img decoding=\"async\" src=\"http:\/\/www.tropdeoliennes.org\/wp-content\/uploads\/2022\/08\/image.png\" alt=\"\" style=\"width:209px;height:167px\"\/><\/figure>\n\n\n\n<figure class=\"wp-block-image size-large is-resized\"><img decoding=\"async\" src=\"http:\/\/www.tropdeoliennes.org\/wp-content\/uploads\/2022\/07\/BP_paysage_Longecourt.png\" alt=\"\" style=\"width:369px;height:auto\"\/><\/figure>\n\n\n\n<h2 class=\"wp-block-heading\">Une visibilit\u00e9 \u00e0 des kms \u00e0 la ronde (machines de 230 m de haut)<\/h2>\n\n\n\n<figure class=\"wp-block-image size-large is-resized\"><img decoding=\"async\" src=\"http:\/\/www.tropdeoliennes.org\/wp-content\/uploads\/2024\/05\/20240521-Zone-influence-visuelle.png\" alt=\"\" style=\"width:696px;height:auto\"\/><\/figure>\n\n\n\n<p>Une visibilit\u00e9 \u00e0 20 km \u00e0 la ronde, notamment depuis le chateau et le village de Chateauneuf <\/p>\n\n\n\n<h2 class=\"wp-block-heading\">Trois machines en zone humide dont deux en for\u00eat<\/h2>\n\n\n\n<figure class=\"wp-block-gallery has-nested-images columns-default is-cropped wp-block-gallery-1 is-layout-flex wp-block-gallery-is-layout-flex\">\n<figure class=\"wp-block-image size-large\"><img fetchpriority=\"high\" decoding=\"async\" width=\"726\" height=\"562\" data-id=\"1408\" src=\"http:\/\/www.tropdeoliennes.org\/wp-content\/uploads\/2024\/05\/Variante-3.png\" alt=\"\" class=\"wp-image-1408\" srcset=\"http:\/\/www.tropdeoliennes.org\/wp-content\/uploads\/2024\/05\/Variante-3.png 726w, http:\/\/www.tropdeoliennes.org\/wp-content\/uploads\/2024\/05\/Variante-3-300x232.png 300w\" sizes=\"(max-width: 726px) 100vw, 726px\" \/><\/figure>\n<\/figure>\n\n\n\n<h3 class=\"wp-block-heading\">Un R\u00e9sum\u00e9 Non Technique diffus\u00e9 \u00e0  Longecourt et aux  communes limitrophes<\/h3>\n\n\n\n<p>Pr\u00e9ambule : Le <strong>projet des Chaumes<\/strong> succ\u00e8de au <strong>projet Ravery<\/strong>, rejet\u00e9 par le pr\u00e9fet en janvier 2021 L&rsquo;ancien et le nouveau projet sont port\u00e9s par la soci\u00e9t\u00e9 <strong>PE de Longecourt<\/strong><\/p>\n\n\n\n<p>Les grandes lignes du projet, d\u00e9crites dans le   r\u00e9sum\u00e9 non technique ou RNT  ont \u00e9t\u00e9 transmises \u00e0 la commune d&rsquo;implantation vers le 17 avril  <strong>L&rsquo;article L.181-28-2 du code de l&rsquo;environnement dispose que son Maire , apr\u00e8s d\u00e9lib\u00e9ration du conseil municipal adresse des observations au porteur de projet dans le d\u00e9lai d&rsquo;un mois, <\/strong>soit avant le 17 mai  Pass\u00e9 ce d\u00e9lai, le silence gard\u00e9 par le premier \u00e9dile vaut renonciation \u00e0 formuler des observations sur le projet. <\/p>\n\n\n\n<p>Dans un isolement incompr\u00e9hensible, le  Maire n&rsquo;a pas r\u00e9uni ses conseillers pour pr\u00e9senter ce RNT et remonter des observations au promoteur, apr\u00e8s d\u00e9lib\u00e9ration. Et a accept\u00e9, tacitement, le projet, tel quel ! <\/p>\n\n\n\n<p>De son cot\u00e9, Valeco a fait part de l&rsquo;avis favorable du r\u00e9f\u00e9rent pr\u00e9fectoral, pour la cr\u00e9ation d&rsquo;une zone d&rsquo;acc\u00e9l\u00e9ration Eolien \u00e0 l&rsquo;endroit m\u00eame o\u00f9 seraient install\u00e9s des 3 aerog\u00e9n\u00e9rateurs de 230 m de haut; Il  met en avant la d\u00e9lib\u00e9ration favorable de d\u00e9cembre 2023 de Longecourt &#8211; Voir ci dessous le recours gracieux contre cette d\u00e9lib\u00e9ration,  avec une phase contentieuse \u00e0 la cl\u00e9  <\/p>\n\n\n\n<h3 class=\"wp-block-heading\"><strong>Cr\u00e9ation de ZAERs sur Longecou<\/strong>rt : un recours gracieux suivi d&rsquo;un recours contentieux (proc\u00e9dure en cours) <\/h3>\n\n\n\n<p>12 f\u00e9vrier 2024 Me Echezar intervient en d\u00e9fense des int\u00e9r\u00eats de Trop d&rsquo;\u00e9oliennes en Auxois; le Maire de Longecourt oppose un refus tacite au recours contre la d\u00e9lib\u00e9ration du 5 d\u00e9cembre 2023 de cr\u00e9ation de ZAER Eolien ! ; le promoteur mise sur un projet <strong>R\u00e9put\u00e9 d&rsquo;Int\u00e9r\u00eat Public Majeur<\/strong>, d&rsquo;\u00e9ventuelles compensations financi\u00e8res, pour manque de vent, une proc\u00e9dure d&rsquo;instruction acc\u00e9l\u00e9r\u00e9e et la possibilit\u00e9 de construire sans attendre la fin des recours !<\/p>\n\n\n\n<p>Ce refus tacite du Maire de revoir une d\u00e9cision de cr\u00e9ation de ZAER \u00e9olien inadapt\u00e9e au contexte local, sera suivi d&rsquo;un recours contentieux (d\u00e9pos\u00e9 en juin 2024); recours dans le droit fil du recours amiable ayant \u00e9chou\u00e9. Proc\u00e9dure en cours (aout 2025)<\/p>\n\n\n\n<div class=\"wp-block-buttons is-layout-flex wp-block-buttons-is-layout-flex\">\n<div class=\"wp-block-button\"><a class=\"wp-block-button__link wp-element-button\" href=\"http:\/\/www.tropdeoliennes.org\/wp-content\/uploads\/2024\/04\/20240205-recours-gracieux.pdf\">RecourS gracieux<\/a><\/div>\n<\/div>\n\n\n\n<h3 class=\"wp-block-heading\">Historique : <\/h3>\n\n\n\n<p><strong>F\u00e9vrier 2021 Rejet du projet Ravery, initi\u00e9 fin 2014<\/strong> !<\/p>\n\n\n\n<p>Initialement pr\u00e9vu sur Cul\u00eatre, Longecourt, Cussy le Chatel et Chazilly, le projet Valeco PE de Ravery de 2014 est rejet\u00e9 en oct 2018 puis en f\u00e9vrier 2021). <\/p>\n\n\n\n<div class=\"wp-block-buttons is-layout-flex wp-block-buttons-is-layout-flex\">\n<div class=\"wp-block-button is-style-outline is-style-outline--2\"><a class=\"wp-block-button__link has-small-font-size has-custom-font-size wp-element-button\" href=\"http:\/\/www.tropdeoliennes.org\/wp-content\/uploads\/2022\/07\/BPProjet_Ravery_-rejet.jpg\" target=\"_blank\" rel=\"noreferrer noopener\">LE BIen PUBLIC du 24\/2\/2021<\/a><\/div>\n\n\n\n<div class=\"wp-block-button is-style-outline is-style-outline--3\"><a class=\"wp-block-button__link has-small-font-size has-custom-font-size wp-element-button\" href=\"http:\/\/www.tropdeoliennes.org\/wp-content\/uploads\/2022\/07\/ap_rejet_parceolienravery_chazilly_cussy_longecourt.pdf\" target=\"_blank\" rel=\"noreferrer noopener\">ARRETE PREFet<\/a><\/div>\n\n\n\n<div class=\"wp-block-button is-style-outline is-style-outline--4\"><a class=\"wp-block-button__link has-small-font-size has-custom-font-size wp-element-button\" href=\"http:\/\/www.tropdeoliennes.org\/wp-content\/uploads\/2022\/07\/BPRefusRavery.pdf\">POINT dE Vue TEEA<\/a><\/div>\n<\/div>\n\n\n\n<h3 class=\"wp-block-heading\">28 avril 2021 : le groupe Valeco \/ EnBW annonce un projet bis<\/h3>\n\n\n\n<p>En f\u00e9vrier 2021 le Maire de Longecourt d\u00e9clare au  Bien Public ne pas \u00eatre oppos\u00e9 \u00e0 un projet bis; consult\u00e9s par Valeco, les maires de Cussy et Chazilly, eux,  refusent de se r\u00e9engager !<\/p>\n\n\n\n<p>31 mai 2022 Face \u00e0 une zone d&rsquo;implantation englobant leurs communes, les maires de Cussy et Chazilly protestent vigoureusement !<\/p>\n\n\n\n<p><a href=\"http:\/\/www.tropdeoliennes.org\/wp-content\/uploads\/2022\/07\/20210428-ZIP-3-communes.png\">Schema_implantation2<\/a> cliquer ici ou voir ci dessous<\/p>\n\n\n\n<figure class=\"wp-block-image size-large\"><img decoding=\"async\" src=\"http:\/\/www.tropdeoliennes.org\/wp-content\/uploads\/2022\/08\/Implantation_3_communes.png\" alt=\"\"\/><figcaption class=\"wp-element-caption\">Longecourt, Cussy et Chazilly sans \u00e9oliennes pr\u00e9vues \u00e0 ce stade mais  dans le p\u00e9rim\u00e8tre d&rsquo;implantation potentielle<\/figcaption><\/figure>\n\n\n\n<h3 class=\"wp-block-heading\"><\/h3>\n\n\n\n<p>Entre 2021 et 2024, Valeco ne peut mettre en avant la moindre information ou  concertation avec les habitants et les communes limitrophes. Et ce malgr\u00e9 un projet \u00e0 impact fort ( Trois \u00e9oliennes au lieu de une, sur  Longecourt et une hauteur de 230 m, au lieu de 205 m) ! <\/p>\n\n\n\n<h3 class=\"wp-block-heading\"><strong>31\/05\/2022<\/strong> Une promesse de Bail communale pass\u00e9e avec 3 POUR \/  2 CONTRE<\/h3>\n\n\n\n<p>Objet : concession  de terrains et chemins d&rsquo;acc\u00e8s communaux \u00e0 Valeco pour quarante ans;<\/p>\n\n\n\n<p><strong>Pour en savoir plus : <\/strong><\/p>\n\n\n\n<p><strong><a href=\"http:\/\/www.tropdeoliennes.org\/?page_id=1048\">Un projet bien mal engag\u00e9<\/a><\/strong><\/p>\n\n\n\n<p>Carte <a rel=\"noreferrer noopener\" href=\"https:\/\/www.google.com\/maps\/d\/u\/0\/viewer?ll=47.439900391610976%2C4.254437017030495&amp;z=9&amp;mid=1pEhIMRq6YwJY5JfGoAZN13VOj94EpFM2\" target=\"_blank\">Projets environnants <\/a>(source APESeine)<\/p>\n\n\n\n<p><\/p>\n","protected":false},"excerpt":{"rendered":"<p>Actualit\u00e9 avril 2025 : Arr\u00eat\u00e9 de rejet du projet \u00ab\u00a0en l&rsquo;\u00e9tat\u00a0\u00bb. Demande d&rsquo;\u00e9tude hydrologique sous 18 mois, pour ce projet situ\u00e9 int\u00e9gralement en zone humide LE PROJET DES CHAUMES (St\u00e9 PE de LONGECOURT) Une visibilit\u00e9 \u00e0 des kms \u00e0 la ronde (machines de 230 m de haut) Une visibilit\u00e9 \u00e0 20 km \u00e0 la ronde, &hellip; <\/p>\n<p class=\"link-more\"><a href=\"http:\/\/www.tropdeoliennes.org\/?page_id=104\" class=\"more-link\">Lire la suite de<span class=\"screen-reader-text\">\u00ab\u00a0Longecourt\u00a0\u00bb<\/span><\/a><\/p>\n","protected":false},"author":2,"featured_media":0,"parent":0,"menu_order":0,"comment_status":"closed","ping_status":"closed","template":"","meta":{"footnotes":""},"class_list":["post-104","page","type-page","status-publish","hentry"],"featured_media_urls":[],"_links":{"self":[{"href":"http:\/\/www.tropdeoliennes.org\/index.php?rest_route=\/wp\/v2\/pages\/104","targetHints":{"allow":["GET"]}}],"collection":[{"href":"http:\/\/www.tropdeoliennes.org\/index.php?rest_route=\/wp\/v2\/pages"}],"about":[{"href":"http:\/\/www.tropdeoliennes.org\/index.php?rest_route=\/wp\/v2\/types\/page"}],"author":[{"embeddable":true,"href":"http:\/\/www.tropdeoliennes.org\/index.php?rest_route=\/wp\/v2\/users\/2"}],"replies":[{"embeddable":true,"href":"http:\/\/www.tropdeoliennes.org\/index.php?rest_route=%2Fwp%2Fv2%2Fcomments&post=104"}],"version-history":[{"count":70,"href":"http:\/\/www.tropdeoliennes.org\/index.php?rest_route=\/wp\/v2\/pages\/104\/revisions"}],"predecessor-version":[{"id":1505,"href":"http:\/\/www.tropdeoliennes.org\/index.php?rest_route=\/wp\/v2\/pages\/104\/revisions\/1505"}],"wp:attachment":[{"href":"http:\/\/www.tropdeoliennes.org\/index.php?rest_route=%2Fwp%2Fv2%2Fmedia&parent=104"}],"curies":[{"name":"wp","href":"https:\/\/api.w.org\/{rel}","templated":true}]}}