{"id":323,"date":"2022-07-13T15:06:12","date_gmt":"2022-07-13T13:06:12","guid":{"rendered":"http:\/\/www.tropdeoliennes.org\/?page_id=323"},"modified":"2026-01-12T12:41:48","modified_gmt":"2026-01-12T11:41:48","slug":"323-2","status":"publish","type":"page","link":"http:\/\/www.tropdeoliennes.org\/","title":{"rendered":"TROPDEOLIENNES.ORG"},"content":{"rendered":"\n<div class=\"wp-block-columns is-layout-flex wp-container-core-columns-is-layout-9d6595d7 wp-block-columns-is-layout-flex\">\n<div class=\"wp-block-column is-layout-flow wp-block-column-is-layout-flow\" style=\"flex-basis:100%\">\n<div class=\"wp-block-columns alignwide has-very-light-gray-to-cyan-bluish-gray-gradient-background has-background is-layout-flex wp-container-core-columns-is-layout-9d6595d7 wp-block-columns-is-layout-flex\">\n<div class=\"wp-block-column has-white-background-color has-background is-layout-flow wp-block-column-is-layout-flow\" style=\"flex-basis:25%\">\n<p class=\"has-medium-font-size\"><\/p>\n\n\n\n<p class=\"has-text-align-center has-medium-font-size\">  <a href=\"http:\/\/www.tropdeoliennes.org\/?page_id=16\" data-type=\"page\" target=\"_blank\" rel=\"noreferrer noopener\">Qui sommes nous <\/a><\/p>\n\n\n\n<p class=\"has-text-align-center has-medium-font-size\"><a href=\"http:\/\/www.tropdeoliennes.org\/?page_id=104\">Projet Longecourt<\/a><\/p>\n\n\n\n<p class=\"has-text-align-center\">      <a href=\"http:\/\/www.tropdeoliennes.org\/?page_id=102\" data-type=\"page\" data-id=\"102\" target=\"_blank\" rel=\"noreferrer noopener\">Projet Auxant<\/a><\/p>\n\n\n\n<p class=\"has-text-align-center\">      <a href=\"http:\/\/www.tropdeoliennes.org\/?page_id=39\/#newsletters\" data-type=\"page\" target=\"_blank\" rel=\"noreferrer noopener\">News 2018-2026<\/a><\/p>\n\n\n\n<p class=\"has-text-align-center\">        <strong>News 19 <\/strong><a href=\"http:\/\/www.tropdeoliennes.org\/wp-content\/uploads\/2024\/05\/20240520-News-19.pdf\"> <\/a><a href=\"http:\/\/www.tropdeoliennes.org\/wp-content\/uploads\/2024\/05\/20240520-News-19.pdf\">ICI<\/a><\/p>\n\n\n\n<p class=\"has-text-align-center\">        <strong>News 20<\/strong>  <a href=\"http:\/\/www.tropdeoliennes.org\/wp-content\/uploads\/2025\/03\/20241008-NEWS-20.pdf\">ICI<\/a><\/p>\n\n\n\n<p class=\"has-text-align-center\">        <strong>News 21<\/strong> <a href=\"http:\/\/www.tropdeoliennes.org\/wp-content\/uploads\/2026\/01\/20251110-News21.pdf\">ICI<\/a><\/p>\n\n\n\n<p class=\"has-text-align-center\">   <strong>Video Culetre <\/strong> <a href=\"https:\/\/vimeo.com\/945501861\/48c34ff9d4?share=copy\">ICI <\/a><\/p>\n\n\n\n<figure class=\"wp-block-image size-large\"><img fetchpriority=\"high\" decoding=\"async\" width=\"1024\" height=\"575\" src=\"http:\/\/www.tropdeoliennes.org\/wp-content\/uploads\/2024\/05\/Culetre-1024x575.jpg\" alt=\"\" class=\"wp-image-1397\" srcset=\"http:\/\/www.tropdeoliennes.org\/wp-content\/uploads\/2024\/05\/Culetre-1024x575.jpg 1024w, http:\/\/www.tropdeoliennes.org\/wp-content\/uploads\/2024\/05\/Culetre-300x168.jpg 300w, http:\/\/www.tropdeoliennes.org\/wp-content\/uploads\/2024\/05\/Culetre-768x431.jpg 768w, http:\/\/www.tropdeoliennes.org\/wp-content\/uploads\/2024\/05\/Culetre-1536x862.jpg 1536w, http:\/\/www.tropdeoliennes.org\/wp-content\/uploads\/2024\/05\/Culetre.jpg 1701w\" sizes=\"(max-width: 1024px) 100vw, 1024px\" \/><\/figure>\n\n\n\n<p class=\"has-text-align-center has-small-font-size\"><em>Affichage plein \u00e9cran, cliquer sur 4 fl\u00e8ches en bas \u00e0 droite du Ier \u00e9cran<\/em><\/p>\n\n\n\n<p class=\"has-text-align-center has-small-font-size\">Carte RTBA (R\u00e9seau Tr\u00e8s Basse Altitude ) <a href=\"http:\/\/www.tropdeoliennes.org\/wp-content\/uploads\/2024\/04\/20240412-RTBA-Carte-Pouilly.png\">ICI<\/a><\/p>\n\n\n\n<p class=\"has-small-font-size\"><\/p>\n<\/div>\n\n\n\n<div class=\"wp-block-column has-white-background-color has-background is-layout-flow wp-block-column-is-layout-flow\" style=\"flex-basis:50%\">\n<p class=\"has-text-align-center has-medium-font-size\"><strong>Tous contre les \u00e9oliennes de 230  m de haut en lisi\u00e8res de  bois <\/strong>! <\/p>\n\n\n\n<ul class=\"wp-block-list\">\n<li>A Longecourt, le projet Valeco de 3 \u00e9oliennes de 230 m de haut, a \u00e9t\u00e9 rejet\u00e9 par le Pr\u00e9fet en avril 2025. Le promoteur est invit\u00e9 \u00e0 compl\u00e9ter son \u00e9tude environnementale avant  <strong>octobre 2026<\/strong>.<\/li>\n\n\n\n<li>A Auxant, le projet Innergex ( 6 \u00e9oliennes en for\u00eat) est en stand.<\/li>\n\n\n\n<li>A St Jean de Boeuf et Antheuil, la filiale du groupe cor\u00e9en QEnergy fait appel du refus pr\u00e9fectoral de 2024. Eoliennes en for\u00eat, en zone Natura 2000 et ZPS : l&rsquo;impact environnemental serait \u00e9norme !<\/li>\n\n\n\n<li>A Charny, Beurizot, Vesvres, Boussey, Avosnes, Safres, St Mesmin, le groupe suisse Axpo Volkswind m\u00e8ne 4 projets \u00e9oliens de front ( 3 enqu\u00eates publiques simultan\u00e9es, apr\u00e8s le mois de mars ) ! Face \u00e0 cette \u00ab\u00a0OPA\u00a0\u00bb sur nos vall\u00e9es et collinnes , 13 associations se sont regroup\u00e9es  autour de <strong>l&rsquo;association Auxois Citoyen.<\/strong> dont Trop d&rsquo;\u00e9oliennes en Auxois et Alternatives en Auxois<\/li>\n\n\n\n<li>A Sussey, Alt\u00e9ric Intervent pr\u00e9voit  6 \u00e9oliennes de 230 m de haut. Instruction en cours<\/li>\n\n\n\n<li>A Clomot, Alteric Intervent a renonc\u00e9  (recours en Conseil d&rsquo;Etat d&rsquo;avril 2023 contre la promesse de bail communale)<\/li>\n<\/ul>\n<\/div>\n\n\n\n<div class=\"wp-block-column has-white-background-color has-background is-layout-flow wp-block-column-is-layout-flow\" style=\"flex-basis:25%\">\n<p class=\"has-text-align-center has-medium-font-size\"><strong>Besoin de tous pour agir !<\/strong><\/p>\n\n\n\n<p class=\"has-text-align-center has-medium-font-size\"> <a href=\"https:\/\/www.helloasso.com\/associations\/trop-d-eoliennes-en-auxois\/adhesions\/adherer-cotiser-2025-2026\" target=\"_blank\" rel=\"noreferrer noopener\">Adh\u00e9sion<\/a><\/p>\n\n\n\n<p class=\"has-text-align-center has-medium-font-size\"><a href=\"http:\/\/www.tropdeoliennes.org\/wp-content\/uploads\/2024\/06\/DON-1.pdf\">Don<\/a><\/p>\n\n\n\n<p class=\"has-text-align-center\"><strong>Action en justice<\/strong> <\/p>\n\n\n\n<p class=\"has-text-align-center\">Juin 2024 :  <strong>Recours  contentieux <\/strong> contre ZAER Longecourt les Cul\u00eatre     <\/p>\n\n\n\n<p class=\"has-text-align-center\"> <strong>Explications <\/strong><a href=\"http:\/\/www.tropdeoliennes.org\/wp-content\/uploads\/2024\/06\/Recours.pdf\">ICI<\/a><\/p>\n\n\n\n<p class=\"has-small-font-size\"><\/p>\n<\/div>\n<\/div>\n<\/div>\n<\/div>\n\n\n\n<\/p>\n<h2 class=\"wp-block-heading\">&nbsp; Nos objectifs<\/h2>\n<p>\n\n\n\n<\/p>\n<p class=\"is-layout-flow wp-block-group-is-layout-flow\">\n\n<\/p>\n<p class=\"is-layout-flow wp-block-group-is-layout-flow\">\n\n<\/p>\n<p><strong>Lutter contre le d\u00e9veloppement anarchique de l&rsquo;\u00e9olien sur nos territoires<\/strong><\/p>\n<p>\n\n<\/p>\n<p>\n\n<\/p>\n<p><strong>Pr\u00e9server \u00ab&nbsp;l\u2019Environnement, le Patrimoine et le Tourisme&nbsp;\u00bb<\/strong><\/p>\n<p>\n\n<\/p>\n<p>\n\n<\/p>\n<p>L&rsquo;\u00e9olien n&rsquo;est pas LA solution, PARTOUT sur nos territoires<\/p>\n<p>\n\n<\/p>\n<p>\n\n<\/p>\n<p>\n\n\n\n<div class=\"wp-block-group has-very-light-gray-to-cyan-bluish-gray-gradient-background has-background\"><div class=\"wp-block-group__inner-container is-layout-flow wp-block-group-is-layout-flow\">\n<\/p>\n<ul class=\"wp-block-list\">\n<li style=\"list-style-type: none;\">\n<ul>\n\n<\/ul>\n<\/li>\n<\/ul>\n<ul>\n<li style=\"list-style-type: none;\">\n<ul>\n<li>Luttons contre la <strong>destruction de nos magnifiques paysages<\/strong> de C\u00f4te d\u2019Or, sources d\u2019<strong>attractivit\u00e9<\/strong> touristique<\/li>\n<\/ul>\n<\/li>\n<\/ul>\n<p>\n\n<\/p>\n<p>\n\n<\/p>\n<ul>\n<li style=\"list-style-type: none;\">\n<ul>\n<li>Prot\u00e9geons <strong>un patrimoine remarquable<\/strong><\/li>\n<\/ul>\n<\/li>\n<\/ul>\n<p>\n\n<\/p>\n<p>\n\n<\/p>\n<ul>\n<li style=\"list-style-type: none;\">\n<ul>\n<li>Luttons contre les <strong>nuisances visuelles et sonores <\/strong><\/li>\n<\/ul>\n<\/li>\n<\/ul>\n<p>\n\n<\/p>\n<p>\n\n<\/p>\n<ul>\n<li style=\"list-style-type: none;\">\n<ul>\n<li>Prot\u00e9geons la <strong>biodiversit\u00e9<\/strong> de l&rsquo;Auxois. celle des zones humides et class\u00e9es ZNIEFF ou Natura 2000.<\/li>\n<\/ul>\n<\/li>\n<\/ul>\n<p>\n\n<\/p>\n<p>\n\n<\/p>\n<ul>\n<li style=\"list-style-type: none;\">\n<ul>\n<li>Refusons <strong>les milliers de tonnes de b\u00e9ton <\/strong>, au moment o\u00f9 l\u2019\u00c9tat impose aux communes le principe du \u00ab&nbsp;z\u00e9ro artificialisation nette des sols&nbsp;\u00bb.<\/li>\n<\/ul>\n<\/li>\n<\/ul>\n<p>\n\n<\/p>\n<p>\n\n<\/p>\n<ul>\n<li style=\"list-style-type: none;\">\n<ul>\n<li>Affectons autrement <strong>les milliards d\u2019d&rsquo;argent public<\/strong> allant \u00e0 une <strong>\u00e9lectricit\u00e9 intermittente<\/strong> et non stockable<\/li>\n<\/ul>\n<\/li>\n<\/ul>\n<p>\n\n<\/p>\n<p>\n<\/div><\/div>\n","protected":false},"excerpt":{"rendered":"<p>&nbsp; Nos objectifs Lutter contre le d\u00e9veloppement anarchique de l&rsquo;\u00e9olien sur nos territoires Pr\u00e9server \u00ab&nbsp;l\u2019Environnement, le Patrimoine et le Tourisme&nbsp;\u00bb L&rsquo;\u00e9olien n&rsquo;est pas LA solution, PARTOUT sur nos territoires<\/p>\n","protected":false},"author":1,"featured_media":0,"parent":0,"menu_order":0,"comment_status":"closed","ping_status":"closed","template":"","meta":{"footnotes":""},"class_list":["post-323","page","type-page","status-publish","hentry"],"featured_media_urls":[],"_links":{"self":[{"href":"http:\/\/www.tropdeoliennes.org\/index.php?rest_route=\/wp\/v2\/pages\/323","targetHints":{"allow":["GET"]}}],"collection":[{"href":"http:\/\/www.tropdeoliennes.org\/index.php?rest_route=\/wp\/v2\/pages"}],"about":[{"href":"http:\/\/www.tropdeoliennes.org\/index.php?rest_route=\/wp\/v2\/types\/page"}],"author":[{"embeddable":true,"href":"http:\/\/www.tropdeoliennes.org\/index.php?rest_route=\/wp\/v2\/users\/1"}],"replies":[{"embeddable":true,"href":"http:\/\/www.tropdeoliennes.org\/index.php?rest_route=%2Fwp%2Fv2%2Fcomments&post=323"}],"version-history":[{"count":42,"href":"http:\/\/www.tropdeoliennes.org\/index.php?rest_route=\/wp\/v2\/pages\/323\/revisions"}],"predecessor-version":[{"id":1434,"href":"http:\/\/www.tropdeoliennes.org\/index.php?rest_route=\/wp\/v2\/pages\/323\/revisions\/1434"}],"wp:attachment":[{"href":"http:\/\/www.tropdeoliennes.org\/index.php?rest_route=%2Fwp%2Fv2%2Fmedia&parent=323"}],"curies":[{"name":"wp","href":"https:\/\/api.w.org\/{rel}","templated":true}]}}